{"id":4632,"date":"2019-03-11T10:58:45","date_gmt":"2019-03-11T09:58:45","guid":{"rendered":"https:\/\/temp.easy2website.com\/eventos\/"},"modified":"2025-02-19T19:52:17","modified_gmt":"2025-02-19T18:52:17","slug":"eventos","status":"publish","type":"page","link":"https:\/\/temp.easy2website.com\/es\/eventos\/","title":{"rendered":"EVENTOS"},"content":{"rendered":"\t\t<div data-elementor-type=\"single\" data-elementor-id=\"4738\" class=\"elementor elementor-4738 elementor-589\" data-elementor-post-type=\"elementor_library\">\n\t\t\t\t\t<section class=\"elementor-section elementor-top-section elementor-element elementor-element-e9a4316 elementor-section-boxed elementor-section-height-default elementor-section-height-default\" data-id=\"e9a4316\" data-element_type=\"section\" data-e-type=\"section\" data-settings=\"{&quot;jet_parallax_layout_list&quot;:[]}\">\n\t\t\t\t\t\t<div class=\"elementor-container elementor-column-gap-default\">\n\t\t\t\t\t<div class=\"elementor-column elementor-col-100 elementor-top-column elementor-element elementor-element-f183654\" data-id=\"f183654\" data-element_type=\"column\" data-e-type=\"column\">\n\t\t\t<div class=\"elementor-widget-wrap elementor-element-populated\">\n\t\t\t\t\t\t<div class=\"elementor-element elementor-element-073a3d1 elementor-posts--show-thumbnail elementor-widget elementor-widget-posts\" data-id=\"073a3d1\" data-element_type=\"widget\" data-e-type=\"widget\" data-settings=\"{&quot;full_content_row_gap&quot;:{&quot;unit&quot;:&quot;px&quot;,&quot;size&quot;:10,&quot;sizes&quot;:[]}}\" data-widget_type=\"posts.full_content\">\n\t\t\t\t<div class=\"elementor-widget-container\">\n\t\t\t\t\t\t\t<div class=\"elementor-posts-container elementor-posts elementor-posts--skin-full_content elementor-grid\" role=\"list\">\n\t\t\t\t<article class=\"elementor-post elementor-grid-item post-4682 post type-post status-publish format-standard has-post-thumbnail hentry category-eventos entry has-media\" role=\"listitem\">\n\t\t\t\t<a class=\"elementor-post__thumbnail__link\" href=\"https:\/\/temp.easy2website.com\/es\/shakti-awakening-online-esp\/\" tabindex=\"-1\" >\n\t\t<div class=\"elementor-post__thumbnail\"><img fetchpriority=\"high\" decoding=\"async\" width=\"1920\" height=\"1005\" src=\"https:\/\/temp.easy2website.com\/wp-content\/uploads\/2024\/10\/Iz-globin-do-visin-27.jpg\" class=\"attachment-full size-full wp-image-5090\" alt=\"\" srcset=\"https:\/\/temp.easy2website.com\/wp-content\/uploads\/2024\/10\/Iz-globin-do-visin-27.jpg 1920w, https:\/\/temp.easy2website.com\/wp-content\/uploads\/2024\/10\/Iz-globin-do-visin-27-300x157.jpg 300w, https:\/\/temp.easy2website.com\/wp-content\/uploads\/2024\/10\/Iz-globin-do-visin-27-1024x536.jpg 1024w, https:\/\/temp.easy2website.com\/wp-content\/uploads\/2024\/10\/Iz-globin-do-visin-27-768x402.jpg 768w, https:\/\/temp.easy2website.com\/wp-content\/uploads\/2024\/10\/Iz-globin-do-visin-27-1536x804.jpg 1536w, https:\/\/temp.easy2website.com\/wp-content\/uploads\/2024\/10\/Iz-globin-do-visin-27-1320x691.jpg 1320w\" sizes=\"(max-width: 1920px) 100vw, 1920px\" \/><\/div>\n\t\t<\/a>\n\t\t\t\t<div class=\"elementor-post__text\">\n\t\t\t\t<h3 class=\"elementor-post__title\">\n\t\t\t<a href=\"https:\/\/temp.easy2website.com\/es\/shakti-awakening-online-esp\/\" >\n\t\t\t\tShakti Awakening ONLINE\t\t\t<\/a>\n\t\t<\/h3>\n\t\t<div class=\"elementor-post__content\"><style>.elementor-widget-button .elementor-button{font-family:var( --e-global-typography-accent-font-family ), Sans-serif;font-weight:var( --e-global-typography-accent-font-weight );background-color:var( --e-global-color-accent );}.elementor-4682 .elementor-element.elementor-element-0aae990 .elementor-button{font-size:20px;font-style:normal;text-decoration:none;fill:var( --e-global-color-2befe69 );color:var( --e-global-color-2befe69 );background-color:var( --e-global-color-e8fa77e );border-style:solid;border-width:1px 1px 1px 1px;border-color:var( --e-global-color-165f2659 );border-radius:10px 10px 10px 10px;}.elementor-4682 .elementor-element.elementor-element-0aae990 .elementor-button:hover, .elementor-4682 .elementor-element.elementor-element-0aae990 .elementor-button:focus{color:var( --e-global-color-secondary );background-color:var( --e-global-color-2befe69 );}.elementor-4682 .elementor-element.elementor-element-0aae990 .elementor-button:hover svg, .elementor-4682 .elementor-element.elementor-element-0aae990 .elementor-button:focus svg{fill:var( --e-global-color-secondary );}.elementor-4682 .elementor-element.elementor-element-0aae990 > .elementor-widget-container{margin:0px 0px 0px 0px;}.elementor-widget-text-editor{font-family:var( --e-global-typography-text-font-family ), Sans-serif;font-weight:var( --e-global-typography-text-font-weight );color:var( --e-global-color-text );}.elementor-widget-text-editor.elementor-drop-cap-view-stacked .elementor-drop-cap{background-color:var( --e-global-color-primary );}.elementor-widget-text-editor.elementor-drop-cap-view-framed .elementor-drop-cap, .elementor-widget-text-editor.elementor-drop-cap-view-default .elementor-drop-cap{color:var( --e-global-color-primary );border-color:var( --e-global-color-primary );}.elementor-4682 .elementor-element.elementor-element-58e8f0{color:var( --e-global-color-2befe69 );}.elementor-4682 .elementor-element.elementor-element-ce5c8b4 .elementor-button{font-size:20px;fill:var( --e-global-color-2befe69 );color:var( --e-global-color-2befe69 );background-color:var( --e-global-color-e8fa77e );border-style:solid;border-width:1px 1px 1px 1px;border-color:var( --e-global-color-165f2659 );border-radius:10px 10px 10px 10px;}.elementor-4682 .elementor-element.elementor-element-ce5c8b4 .elementor-button:hover, .elementor-4682 .elementor-element.elementor-element-ce5c8b4 .elementor-button:focus{color:var( --e-global-color-secondary );background-color:var( --e-global-color-2befe69 );}.elementor-4682 .elementor-element.elementor-element-ce5c8b4 .elementor-button:hover svg, .elementor-4682 .elementor-element.elementor-element-ce5c8b4 .elementor-button:focus svg{fill:var( --e-global-color-secondary );}.elementor-4682 .elementor-element.elementor-element-ce5c8b4 > .elementor-widget-container{margin:0px 0px 0px 0px;}@media(max-width:767px){.elementor-4682 .elementor-element.elementor-element-0aae990 .elementor-button{font-size:18px;}.elementor-4682 .elementor-element.elementor-element-ce5c8b4 .elementor-button{font-size:18px;}}<\/style>\t\t<div data-elementor-type=\"wp-post\" data-elementor-id=\"4682\" class=\"elementor elementor-4682\" data-elementor-post-type=\"post\">\n\t\t\t\t\t\t<section class=\"elementor-section elementor-top-section elementor-element elementor-element-1c838b90 elementor-section-boxed elementor-section-height-default elementor-section-height-default\" data-id=\"1c838b90\" data-element_type=\"section\" data-e-type=\"section\" data-settings=\"{&quot;jet_parallax_layout_list&quot;:[]}\">\n\t\t\t\t\t\t<div class=\"elementor-container elementor-column-gap-default\">\n\t\t\t\t\t<div class=\"elementor-column elementor-col-100 elementor-top-column elementor-element elementor-element-f1a9376\" data-id=\"f1a9376\" data-element_type=\"column\" data-e-type=\"column\">\n\t\t\t<div class=\"elementor-widget-wrap elementor-element-populated\">\n\t\t\t\t\t\t<div class=\"elementor-element elementor-element-0aae990 elementor-align-justify elementor-widget elementor-widget-button\" data-id=\"0aae990\" data-element_type=\"widget\" data-e-type=\"widget\" data-widget_type=\"button.default\">\n\t\t\t\t<div class=\"elementor-widget-container\">\n\t\t\t\t\t\t\t\t\t<div class=\"elementor-button-wrapper\">\n\t\t\t\t\t<a class=\"elementor-button elementor-button-link elementor-size-sm\" href=\"#elementor-action%3Aaction%3Dpopup%3Aopen%26settings%3DeyJpZCI6NDY0OSwidG9nZ2xlIjpmYWxzZX0%3D\">\n\t\t\t\t\t\t<span class=\"elementor-button-content-wrapper\">\n\t\t\t\t\t\t\t\t\t<span class=\"elementor-button-text\">Quiero inscribirme<\/span>\n\t\t\t\t\t<\/span>\n\t\t\t\t\t<\/a>\n\t\t\t\t<\/div>\n\t\t\t\t\t\t\t\t<\/div>\n\t\t\t\t<\/div>\n\t\t\t\t<div class=\"elementor-element elementor-element-58e8f0 elementor-widget elementor-widget-text-editor\" data-id=\"58e8f0\" data-element_type=\"widget\" data-e-type=\"widget\" data-widget_type=\"text-editor.default\">\n\t\t\t\t<div class=\"elementor-widget-container\">\n\t\t\t\t\t\t\t\t\t<p>Lunes, 24 de marzo a las 18h a trav\u00e9s del ZOOM.<\/p><p>Contribuci\u00f3n: 36<\/p><p data-start=\"144\" data-end=\"336\">Bienvenid@ a la sesi\u00f3n online de Shakti Awakening, un espacio donde viajaremos a las profundidades, conectaremos con nuestros cuerpos y exploraremos nuestros mundos interiores.<\/p><p data-start=\"338\" data-end=\"520\">En esta sesi\u00f3n, nos unimos a trav\u00e9s del campo cu\u00e1ntico, que trasciende el tiempo y el espacio. Por ello, el flujo de energ\u00eda es tan poderoso y eficaz como en una sesi\u00f3n presencial.<\/p><p data-start=\"338\" data-end=\"520\">Las sesiones de Shakti Awakening son una activaci\u00f3n energ\u00e9tica sagrada que despierta tu fuerza vital innata, gui\u00e1ndote hacia estados superiores de conciencia y combinan el trabajo con la fuerza vital (Kundalini), energ\u00eda Reiki y algunas pr\u00e1cticas cham\u00e1nicas, como la recuperaci\u00f3n de fragmentos del alma.<\/p><p data-start=\"160\" data-end=\"473\">Liberan bloqueos energ\u00e9ticos, liberan traumas almacenados y realinean el flujo natural de tu cuerpo, permitiendo una profunda sanaci\u00f3n y transformaci\u00f3n. A trav\u00e9s de la entrega total, puedes experimentar una claridad profunda, liberaci\u00f3n emocional o un profundo sentido de conexi\u00f3n contigo mismo y con el universo.<\/p><p data-start=\"160\" data-end=\"473\">La energ\u00eda Shakti es la manifestaci\u00f3n de la divinidad femenina, que nos gu\u00eda suavemente hacia nuestras profundidades, donde reside nuestro mayor poder. Es ah\u00ed donde ocurren las transformaciones m\u00e1s profundas y la verdadera alquimia interna. Solo cuando nos atrevemos a mirar en nuestras sombras, podemos ascender a la luz.<\/p><p data-start=\"160\" data-end=\"473\">Durante la sesi\u00f3n, pueden ocurrir movimientos espont\u00e1neos del cuerpo, liberaciones emocionales, sensaciones de hormigueo, fr\u00edo o calor en el cuerpo. Tambi\u00e9n es posible que la energ\u00eda act\u00fae en niveles m\u00e1s sutiles y que no sientas nada a nivel f\u00edsico.<\/p><p data-start=\"160\" data-end=\"473\">La sesi\u00f3n es adecuada tanto para hombres como para mujeres.<\/p><p data-start=\"160\" data-end=\"473\">Si tienes alguna pregunta, puedes contactarme en <a rel=\"noopener\" data-start=\"51\" data-end=\"68\" data-is-only-node=\"\">info@temp.easy2website.com<\/a> o por WhatsApp al +386 41 777 682.<\/p>\t\t\t\t\t\t\t\t<\/div>\n\t\t\t\t<\/div>\n\t\t\t\t<div class=\"elementor-element elementor-element-ce5c8b4 elementor-align-justify elementor-widget elementor-widget-button\" data-id=\"ce5c8b4\" data-element_type=\"widget\" data-e-type=\"widget\" data-widget_type=\"button.default\">\n\t\t\t\t<div class=\"elementor-widget-container\">\n\t\t\t\t\t\t\t\t\t<div class=\"elementor-button-wrapper\">\n\t\t\t\t\t<a class=\"elementor-button elementor-button-link elementor-size-sm\" href=\"#elementor-action%3Aaction%3Dpopup%3Aopen%26settings%3DeyJpZCI6NDY0OSwidG9nZ2xlIjpmYWxzZX0%3D\">\n\t\t\t\t\t\t<span class=\"elementor-button-content-wrapper\">\n\t\t\t\t\t\t\t\t\t<span class=\"elementor-button-text\">Quiero inscribirme<\/span>\n\t\t\t\t\t<\/span>\n\t\t\t\t\t<\/a>\n\t\t\t\t<\/div>\n\t\t\t\t\t\t\t\t<\/div>\n\t\t\t\t<\/div>\n\t\t\t\t\t<\/div>\n\t\t<\/div>\n\t\t\t\t\t<\/div>\n\t\t<\/section>\n\t\t\t\t<\/div>\n\t\t<\/div>\t\t<\/div>\n\t\t\t\t<\/article>\n\t\t\t\t<\/div>\n\t\t\n\t\t\t\t\t\t<\/div>\n\t\t\t\t<\/div>\n\t\t\t\t\t<\/div>\n\t\t<\/div>\n\t\t\t\t\t<\/div>\n\t\t<\/section>\n\t\t\t\t<\/div>\n\t\t\n","protected":false},"excerpt":{"rendered":"","protected":false},"author":3,"featured_media":0,"parent":0,"menu_order":0,"comment_status":"closed","ping_status":"closed","template":"","meta":{"ocean_post_layout":"","ocean_both_sidebars_style":"","ocean_both_sidebars_content_width":0,"ocean_both_sidebars_sidebars_width":0,"ocean_sidebar":"0","ocean_second_sidebar":"0","ocean_disable_margins":"enable","ocean_add_body_class":"","ocean_shortcode_before_top_bar":"","ocean_shortcode_after_top_bar":"","ocean_shortcode_before_header":"","ocean_shortcode_after_header":"","ocean_has_shortcode":"","ocean_shortcode_after_title":"","ocean_shortcode_before_footer_widgets":"","ocean_shortcode_after_footer_widgets":"","ocean_shortcode_before_footer_bottom":"","ocean_shortcode_after_footer_bottom":"","ocean_display_top_bar":"default","ocean_display_header":"default","ocean_header_style":"","ocean_center_header_left_menu":"0","ocean_custom_header_template":"0","ocean_custom_logo":0,"ocean_custom_retina_logo":0,"ocean_custom_logo_max_width":0,"ocean_custom_logo_tablet_max_width":0,"ocean_custom_logo_mobile_max_width":0,"ocean_custom_logo_max_height":0,"ocean_custom_logo_tablet_max_height":0,"ocean_custom_logo_mobile_max_height":0,"ocean_header_custom_menu":"0","ocean_menu_typo_font_family":"0","ocean_menu_typo_font_subset":"","ocean_menu_typo_font_size":0,"ocean_menu_typo_font_size_tablet":0,"ocean_menu_typo_font_size_mobile":0,"ocean_menu_typo_font_size_unit":"px","ocean_menu_typo_font_weight":"","ocean_menu_typo_font_weight_tablet":"","ocean_menu_typo_font_weight_mobile":"","ocean_menu_typo_transform":"","ocean_menu_typo_transform_tablet":"","ocean_menu_typo_transform_mobile":"","ocean_menu_typo_line_height":0,"ocean_menu_typo_line_height_tablet":0,"ocean_menu_typo_line_height_mobile":0,"ocean_menu_typo_line_height_unit":"","ocean_menu_typo_spacing":0,"ocean_menu_typo_spacing_tablet":0,"ocean_menu_typo_spacing_mobile":0,"ocean_menu_typo_spacing_unit":"","ocean_menu_link_color":"","ocean_menu_link_color_hover":"","ocean_menu_link_color_active":"","ocean_menu_link_background":"","ocean_menu_link_hover_background":"","ocean_menu_link_active_background":"","ocean_menu_social_links_bg":"","ocean_menu_social_hover_links_bg":"","ocean_menu_social_links_color":"","ocean_menu_social_hover_links_color":"","ocean_disable_title":"default","ocean_disable_heading":"default","ocean_post_title":"","ocean_post_subheading":"","ocean_post_title_style":"","ocean_post_title_background_color":"","ocean_post_title_background":0,"ocean_post_title_bg_image_position":"","ocean_post_title_bg_image_attachment":"","ocean_post_title_bg_image_repeat":"","ocean_post_title_bg_image_size":"","ocean_post_title_height":0,"ocean_post_title_bg_overlay":0.5,"ocean_post_title_bg_overlay_color":"","ocean_disable_breadcrumbs":"default","ocean_breadcrumbs_color":"","ocean_breadcrumbs_separator_color":"","ocean_breadcrumbs_links_color":"","ocean_breadcrumbs_links_hover_color":"","ocean_display_footer_widgets":"default","ocean_display_footer_bottom":"default","ocean_custom_footer_template":"0","footnotes":""},"class_list":["post-4632","page","type-page","status-publish","hentry","entry","has-media"],"yoast_head":"<!-- This site is optimized with the Yoast SEO plugin v26.8 - https:\/\/yoast.com\/product\/yoast-seo-wordpress\/ -->\n<title>Rea Novak<\/title>\n<meta name=\"robots\" content=\"index, follow, max-snippet:-1, max-image-preview:large, max-video-preview:-1\" \/>\n<link rel=\"canonical\" href=\"https:\/\/temp.easy2website.com\/es\/eventos\/\" \/>\n<meta property=\"og:locale\" content=\"es_ES\" \/>\n<meta property=\"og:type\" content=\"article\" \/>\n<meta property=\"og:title\" content=\"Rea Novak\" \/>\n<meta property=\"og:url\" content=\"https:\/\/temp.easy2website.com\/es\/eventos\/\" \/>\n<meta property=\"og:site_name\" content=\"Rea Novak\" \/>\n<meta property=\"article:modified_time\" content=\"2025-02-19T18:52:17+00:00\" \/>\n<meta property=\"og:image\" content=\"https:\/\/temp.easy2website.com\/wp-content\/uploads\/2024\/10\/sirteimg.jpg\" \/>\n\t<meta property=\"og:image:width\" content=\"1200\" \/>\n\t<meta property=\"og:image:height\" content=\"675\" \/>\n\t<meta property=\"og:image:type\" content=\"image\/jpeg\" \/>\n<meta name=\"twitter:card\" content=\"summary_large_image\" \/>\n<script type=\"application\/ld+json\" class=\"yoast-schema-graph\">{\"@context\":\"https:\/\/schema.org\",\"@graph\":[{\"@type\":\"WebPage\",\"@id\":\"https:\/\/temp.easy2website.com\/es\/eventos\/\",\"url\":\"https:\/\/temp.easy2website.com\/es\/eventos\/\",\"name\":\"Rea Novak\",\"isPartOf\":{\"@id\":\"https:\/\/temp.easy2website.com\/#website\"},\"datePublished\":\"2019-03-11T09:58:45+00:00\",\"dateModified\":\"2025-02-19T18:52:17+00:00\",\"breadcrumb\":{\"@id\":\"https:\/\/temp.easy2website.com\/es\/eventos\/#breadcrumb\"},\"inLanguage\":\"es\",\"potentialAction\":[{\"@type\":\"ReadAction\",\"target\":[\"https:\/\/temp.easy2website.com\/es\/eventos\/\"]}]},{\"@type\":\"BreadcrumbList\",\"@id\":\"https:\/\/temp.easy2website.com\/es\/eventos\/#breadcrumb\",\"itemListElement\":[{\"@type\":\"ListItem\",\"position\":1,\"name\":\"Home\",\"item\":\"https:\/\/temp.easy2website.com\/\"},{\"@type\":\"ListItem\",\"position\":2,\"name\":\"EVENTOS\"}]},{\"@type\":\"WebSite\",\"@id\":\"https:\/\/temp.easy2website.com\/#website\",\"url\":\"https:\/\/temp.easy2website.com\/\",\"name\":\"Rea Novak\",\"description\":\"Energijsko delo, Kirtan (skupinsko petje manter)\",\"publisher\":{\"@id\":\"https:\/\/temp.easy2website.com\/#\/schema\/person\/d32e63bc4b3343ed8061df1b5f19b5e8\"},\"potentialAction\":[{\"@type\":\"SearchAction\",\"target\":{\"@type\":\"EntryPoint\",\"urlTemplate\":\"https:\/\/temp.easy2website.com\/?s={search_term_string}\"},\"query-input\":{\"@type\":\"PropertyValueSpecification\",\"valueRequired\":true,\"valueName\":\"search_term_string\"}}],\"inLanguage\":\"es\"},{\"@type\":[\"Person\",\"Organization\"],\"@id\":\"https:\/\/temp.easy2website.com\/#\/schema\/person\/d32e63bc4b3343ed8061df1b5f19b5e8\",\"name\":\"Rea Novak\",\"image\":{\"@type\":\"ImageObject\",\"inLanguage\":\"es\",\"@id\":\"https:\/\/temp.easy2website.com\/#\/schema\/person\/image\/\",\"url\":\"https:\/\/temp.easy2website.com\/wp-content\/uploads\/2024\/09\/Nov-projekt-22.jpg\",\"contentUrl\":\"https:\/\/temp.easy2website.com\/wp-content\/uploads\/2024\/09\/Nov-projekt-22.jpg\",\"width\":375,\"height\":563,\"caption\":\"Rea Novak\"},\"logo\":{\"@id\":\"https:\/\/temp.easy2website.com\/#\/schema\/person\/image\/\"}}]}<\/script>\n<!-- \/ Yoast SEO plugin. -->","yoast_head_json":{"title":"Rea Novak","robots":{"index":"index","follow":"follow","max-snippet":"max-snippet:-1","max-image-preview":"max-image-preview:large","max-video-preview":"max-video-preview:-1"},"canonical":"https:\/\/temp.easy2website.com\/es\/eventos\/","og_locale":"es_ES","og_type":"article","og_title":"Rea Novak","og_url":"https:\/\/temp.easy2website.com\/es\/eventos\/","og_site_name":"Rea Novak","article_modified_time":"2025-02-19T18:52:17+00:00","og_image":[{"width":1200,"height":675,"url":"https:\/\/temp.easy2website.com\/wp-content\/uploads\/2024\/10\/sirteimg.jpg","type":"image\/jpeg"}],"twitter_card":"summary_large_image","schema":{"@context":"https:\/\/schema.org","@graph":[{"@type":"WebPage","@id":"https:\/\/temp.easy2website.com\/es\/eventos\/","url":"https:\/\/temp.easy2website.com\/es\/eventos\/","name":"Rea Novak","isPartOf":{"@id":"https:\/\/temp.easy2website.com\/#website"},"datePublished":"2019-03-11T09:58:45+00:00","dateModified":"2025-02-19T18:52:17+00:00","breadcrumb":{"@id":"https:\/\/temp.easy2website.com\/es\/eventos\/#breadcrumb"},"inLanguage":"es","potentialAction":[{"@type":"ReadAction","target":["https:\/\/temp.easy2website.com\/es\/eventos\/"]}]},{"@type":"BreadcrumbList","@id":"https:\/\/temp.easy2website.com\/es\/eventos\/#breadcrumb","itemListElement":[{"@type":"ListItem","position":1,"name":"Home","item":"https:\/\/temp.easy2website.com\/"},{"@type":"ListItem","position":2,"name":"EVENTOS"}]},{"@type":"WebSite","@id":"https:\/\/temp.easy2website.com\/#website","url":"https:\/\/temp.easy2website.com\/","name":"Rea Novak","description":"Energijsko delo, Kirtan (skupinsko petje manter)","publisher":{"@id":"https:\/\/temp.easy2website.com\/#\/schema\/person\/d32e63bc4b3343ed8061df1b5f19b5e8"},"potentialAction":[{"@type":"SearchAction","target":{"@type":"EntryPoint","urlTemplate":"https:\/\/temp.easy2website.com\/?s={search_term_string}"},"query-input":{"@type":"PropertyValueSpecification","valueRequired":true,"valueName":"search_term_string"}}],"inLanguage":"es"},{"@type":["Person","Organization"],"@id":"https:\/\/temp.easy2website.com\/#\/schema\/person\/d32e63bc4b3343ed8061df1b5f19b5e8","name":"Rea Novak","image":{"@type":"ImageObject","inLanguage":"es","@id":"https:\/\/temp.easy2website.com\/#\/schema\/person\/image\/","url":"https:\/\/temp.easy2website.com\/wp-content\/uploads\/2024\/09\/Nov-projekt-22.jpg","contentUrl":"https:\/\/temp.easy2website.com\/wp-content\/uploads\/2024\/09\/Nov-projekt-22.jpg","width":375,"height":563,"caption":"Rea Novak"},"logo":{"@id":"https:\/\/temp.easy2website.com\/#\/schema\/person\/image\/"}}]}},"_links":{"self":[{"href":"https:\/\/temp.easy2website.com\/es\/wp-json\/wp\/v2\/pages\/4632","targetHints":{"allow":["GET"]}}],"collection":[{"href":"https:\/\/temp.easy2website.com\/es\/wp-json\/wp\/v2\/pages"}],"about":[{"href":"https:\/\/temp.easy2website.com\/es\/wp-json\/wp\/v2\/types\/page"}],"author":[{"embeddable":true,"href":"https:\/\/temp.easy2website.com\/es\/wp-json\/wp\/v2\/users\/3"}],"replies":[{"embeddable":true,"href":"https:\/\/temp.easy2website.com\/es\/wp-json\/wp\/v2\/comments?post=4632"}],"version-history":[{"count":0,"href":"https:\/\/temp.easy2website.com\/es\/wp-json\/wp\/v2\/pages\/4632\/revisions"}],"wp:attachment":[{"href":"https:\/\/temp.easy2website.com\/es\/wp-json\/wp\/v2\/media?parent=4632"}],"curies":[{"name":"wp","href":"https:\/\/api.w.org\/{rel}","templated":true}]}}