{"id":4444,"date":"2025-01-07T16:39:17","date_gmt":"2025-01-07T15:39:17","guid":{"rendered":"https:\/\/temp.easy2website.com\/despertar-de-kundalini-shakti\/"},"modified":"2025-03-11T20:24:01","modified_gmt":"2025-03-11T19:24:01","slug":"activacion-de-kundalini-shakti","status":"publish","type":"page","link":"https:\/\/temp.easy2website.com\/es\/activacion-de-kundalini-shakti\/","title":{"rendered":"ACTIVACI\u00d3N DE KUNDALINI SHAKTI"},"content":{"rendered":"\t\t<div data-elementor-type=\"wp-page\" data-elementor-id=\"4444\" class=\"elementor elementor-4444 elementor-3681\" data-elementor-post-type=\"page\">\n\t\t\t\t\t\t<section class=\"elementor-section elementor-top-section elementor-element elementor-element-b68d549 elementor-section-stretched elementor-section-full_width elementor-section-height-default elementor-section-height-default\" data-id=\"b68d549\" data-element_type=\"section\" data-e-type=\"section\" data-settings=\"{&quot;stretch_section&quot;:&quot;section-stretched&quot;,&quot;jet_parallax_layout_list&quot;:[{&quot;jet_parallax_layout_image&quot;:{&quot;url&quot;:&quot;&quot;,&quot;id&quot;:&quot;&quot;,&quot;size&quot;:&quot;&quot;},&quot;_id&quot;:&quot;39c4488&quot;,&quot;jet_parallax_layout_speed&quot;:{&quot;unit&quot;:&quot;%&quot;,&quot;size&quot;:50,&quot;sizes&quot;:[]},&quot;jet_parallax_layout_image_tablet&quot;:{&quot;url&quot;:&quot;&quot;,&quot;id&quot;:&quot;&quot;,&quot;size&quot;:&quot;&quot;},&quot;jet_parallax_layout_image_mobile&quot;:{&quot;url&quot;:&quot;&quot;,&quot;id&quot;:&quot;&quot;,&quot;size&quot;:&quot;&quot;},&quot;jet_parallax_layout_type&quot;:&quot;scroll&quot;,&quot;jet_parallax_layout_direction&quot;:null,&quot;jet_parallax_layout_fx_direction&quot;:null,&quot;jet_parallax_layout_z_index&quot;:&quot;&quot;,&quot;jet_parallax_layout_bg_x&quot;:50,&quot;jet_parallax_layout_bg_x_tablet&quot;:&quot;&quot;,&quot;jet_parallax_layout_bg_x_mobile&quot;:&quot;&quot;,&quot;jet_parallax_layout_bg_y&quot;:50,&quot;jet_parallax_layout_bg_y_tablet&quot;:&quot;&quot;,&quot;jet_parallax_layout_bg_y_mobile&quot;:&quot;&quot;,&quot;jet_parallax_layout_bg_size&quot;:&quot;auto&quot;,&quot;jet_parallax_layout_bg_size_tablet&quot;:&quot;&quot;,&quot;jet_parallax_layout_bg_size_mobile&quot;:&quot;&quot;,&quot;jet_parallax_layout_animation_prop&quot;:&quot;transform&quot;,&quot;jet_parallax_layout_on&quot;:[&quot;desktop&quot;,&quot;tablet&quot;]}],&quot;background_background&quot;:&quot;classic&quot;}\">\n\t\t\t\t\t\t<div class=\"elementor-container elementor-column-gap-default\">\n\t\t\t\t\t<div class=\"elementor-column elementor-col-100 elementor-top-column elementor-element elementor-element-070d283\" data-id=\"070d283\" data-element_type=\"column\" data-e-type=\"column\">\n\t\t\t<div class=\"elementor-widget-wrap elementor-element-populated\">\n\t\t\t\t\t\t<div class=\"elementor-element elementor-element-55d8f57 dce_masking-none elementor-widget elementor-widget-image\" data-id=\"55d8f57\" data-element_type=\"widget\" data-e-type=\"widget\" data-widget_type=\"image.default\">\n\t\t\t\t<div class=\"elementor-widget-container\">\n\t\t\t\t\t\t\t\t\t\t\t\t\t\t\t<img fetchpriority=\"high\" decoding=\"async\" width=\"1920\" height=\"1080\" src=\"https:\/\/temp.easy2website.com\/wp-content\/uploads\/2025\/02\/Nov-projekt-4.webp\" class=\"attachment-full size-full wp-image-4523\" alt=\"\" srcset=\"https:\/\/temp.easy2website.com\/wp-content\/uploads\/2025\/02\/Nov-projekt-4.webp 1920w, https:\/\/temp.easy2website.com\/wp-content\/uploads\/2025\/02\/Nov-projekt-4-300x169.webp 300w, https:\/\/temp.easy2website.com\/wp-content\/uploads\/2025\/02\/Nov-projekt-4-1024x576.webp 1024w, https:\/\/temp.easy2website.com\/wp-content\/uploads\/2025\/02\/Nov-projekt-4-768x432.webp 768w, https:\/\/temp.easy2website.com\/wp-content\/uploads\/2025\/02\/Nov-projekt-4-1536x864.webp 1536w, https:\/\/temp.easy2website.com\/wp-content\/uploads\/2025\/02\/Nov-projekt-4-800x450.webp 800w, https:\/\/temp.easy2website.com\/wp-content\/uploads\/2025\/02\/Nov-projekt-4-1320x743.webp 1320w\" sizes=\"(max-width: 1920px) 100vw, 1920px\" \/>\t\t\t\t\t\t\t\t\t\t\t\t\t\t\t<\/div>\n\t\t\t\t<\/div>\n\t\t\t\t<div class=\"elementor-element elementor-element-f9d7f49 elementor-widget elementor-widget-text-editor\" data-id=\"f9d7f49\" data-element_type=\"widget\" data-e-type=\"widget\" data-widget_type=\"text-editor.default\">\n\t\t\t\t<div class=\"elementor-widget-container\">\n\t\t\t\t\t\t\t\t\t<p style=\"text-align: center;\"><strong>Activaci\u00f3n de la Energ\u00eda Vital<\/strong><\/p>\t\t\t\t\t\t\t\t<\/div>\n\t\t\t\t<\/div>\n\t\t\t\t<div class=\"elementor-element elementor-element-3e5caf8 elementor-widget elementor-widget-text-editor\" data-id=\"3e5caf8\" data-element_type=\"widget\" data-e-type=\"widget\" data-widget_type=\"text-editor.default\">\n\t\t\t\t<div class=\"elementor-widget-container\">\n\t\t\t\t\t\t\t\t\t<p class=\"MsoNormal\" style=\"text-align: center;\">La Kundalini Shakti es la energ\u00eda vital primordial que reside en todos los seres vivos. A menudo se simboliza como una serpiente enroscada en la base de nuestra columna vertebral, ascendiendo a trav\u00e9s de los chakras, desde el primero hasta el chakra de la coronilla. Esta energ\u00eda, tambi\u00e9n conocida como la energ\u00eda divina femenina, representa la fuerza creativa del universo y es el puente que conecta cuerpo, mente y esp\u00edritu. Al despertar, la Kundalini Shakti nos invita a alinear nuestra conciencia con el flujo universal, impulsando nuestro crecimiento y transformaci\u00f3n en todos los niveles.<\/p>\t\t\t\t\t\t\t\t<\/div>\n\t\t\t\t<\/div>\n\t\t\t\t\t<\/div>\n\t\t<\/div>\n\t\t\t\t\t<\/div>\n\t\t<\/section>\n\t\t\t\t<section class=\"elementor-section elementor-top-section elementor-element elementor-element-8ccfd9e elementor-section-full_width elementor-section-stretched elementor-section-height-default elementor-section-height-default\" data-id=\"8ccfd9e\" data-element_type=\"section\" data-e-type=\"section\" data-settings=\"{&quot;stretch_section&quot;:&quot;section-stretched&quot;,&quot;jet_parallax_layout_list&quot;:[],&quot;background_background&quot;:&quot;classic&quot;}\">\n\t\t\t\t\t\t<div class=\"elementor-container elementor-column-gap-default\">\n\t\t\t\t\t<div class=\"elementor-column elementor-col-50 elementor-top-column elementor-element elementor-element-d77a7e2\" data-id=\"d77a7e2\" data-element_type=\"column\" data-e-type=\"column\" data-settings=\"{&quot;background_background&quot;:&quot;classic&quot;}\">\n\t\t\t<div class=\"elementor-widget-wrap elementor-element-populated\">\n\t\t\t\t\t\t<div class=\"elementor-element elementor-element-79f6f44 elementor-widget__width-initial dce_masking-none elementor-widget elementor-widget-image\" data-id=\"79f6f44\" data-element_type=\"widget\" data-e-type=\"widget\" data-widget_type=\"image.default\">\n\t\t\t\t<div class=\"elementor-widget-container\">\n\t\t\t\t\t\t\t\t\t\t\t\t\t\t\t<img decoding=\"async\" width=\"500\" height=\"750\" src=\"https:\/\/temp.easy2website.com\/wp-content\/uploads\/2025\/02\/Kundalini-shakti-awekening-2.jpg\" class=\"attachment-large size-large wp-image-4534\" alt=\"\" srcset=\"https:\/\/temp.easy2website.com\/wp-content\/uploads\/2025\/02\/Kundalini-shakti-awekening-2.jpg 500w, https:\/\/temp.easy2website.com\/wp-content\/uploads\/2025\/02\/Kundalini-shakti-awekening-2-200x300.jpg 200w\" sizes=\"(max-width: 500px) 100vw, 500px\" \/>\t\t\t\t\t\t\t\t\t\t\t\t\t\t\t<\/div>\n\t\t\t\t<\/div>\n\t\t\t\t\t<\/div>\n\t\t<\/div>\n\t\t\t\t<div class=\"elementor-column elementor-col-50 elementor-top-column elementor-element elementor-element-fe9f3ca\" data-id=\"fe9f3ca\" data-element_type=\"column\" data-e-type=\"column\">\n\t\t\t<div class=\"elementor-widget-wrap elementor-element-populated\">\n\t\t\t\t\t\t<div class=\"elementor-element elementor-element-ff5828f elementor-widget elementor-widget-text-editor\" data-id=\"ff5828f\" data-element_type=\"widget\" data-e-type=\"widget\" data-widget_type=\"text-editor.default\">\n\t\t\t\t<div class=\"elementor-widget-container\">\n\t\t\t\t\t\t\t\t\t<p style=\"text-align: center;\"><strong>El despertar de la energ\u00eda <span class=\"error-spellcheck\" data-word=\"Kundalini\" data-suggestion=\"Alcalinidad\">Kundalini<\/span><\/strong><\/p>\t\t\t\t\t\t\t\t<\/div>\n\t\t\t\t<\/div>\n\t\t\t\t<div class=\"elementor-element elementor-element-4f62709 elementor-widget elementor-widget-text-editor\" data-id=\"4f62709\" data-element_type=\"widget\" data-e-type=\"widget\" data-widget_type=\"text-editor.default\">\n\t\t\t\t<div class=\"elementor-widget-container\">\n\t\t\t\t\t\t\t\t\t<p style=\"text-align: center;\" data-start=\"0\" data-end=\"264\">Cuando la energ\u00eda Kundalini se despierta, comienza a ascender a trav\u00e9s de los centros energ\u00e9ticos (chakras) a lo largo de la columna vertebral, desencadenando una profunda transformaci\u00f3n espiritual, expansi\u00f3n de la conciencia y una sensaci\u00f3n de bienestar integral.<\/p><p style=\"text-align: center;\" data-start=\"266\" data-end=\"726\" data-is-last-node=\"\" data-is-only-node=\"\">La Shakti Kundalini nos recuerda nuestra conexi\u00f3n con la energ\u00eda universal y los potenciales ilimitados que albergamos dentro de nosotros. Al despertar, nos invita a explorar las profundidades de nuestro subconsciente, limpiando todo lo que ya no est\u00e1 en resonancia con nuestro m\u00e1s alto potencial. Este proceso crea el espacio necesario para que nuestra alma se encarne plenamente, permiti\u00e9ndonos vivir de acuerdo con nuestra verdadera esencia y prop\u00f3sito.<\/p>\t\t\t\t\t\t\t\t<\/div>\n\t\t\t\t<\/div>\n\t\t\t\t\t<\/div>\n\t\t<\/div>\n\t\t\t\t\t<\/div>\n\t\t<\/section>\n\t\t\t\t<section class=\"elementor-section elementor-top-section elementor-element elementor-element-7b22a00 elementor-section-full_width elementor-section-stretched elementor-section-height-default elementor-section-height-default\" data-id=\"7b22a00\" data-element_type=\"section\" data-e-type=\"section\" data-settings=\"{&quot;stretch_section&quot;:&quot;section-stretched&quot;,&quot;jet_parallax_layout_list&quot;:[],&quot;background_background&quot;:&quot;classic&quot;}\">\n\t\t\t\t\t\t<div class=\"elementor-container elementor-column-gap-default\">\n\t\t\t\t\t<div class=\"elementor-column elementor-col-50 elementor-top-column elementor-element elementor-element-f777677\" data-id=\"f777677\" data-element_type=\"column\" data-e-type=\"column\">\n\t\t\t<div class=\"elementor-widget-wrap elementor-element-populated\">\n\t\t\t\t\t\t<div class=\"elementor-element elementor-element-4447b99 elementor-widget elementor-widget-text-editor\" data-id=\"4447b99\" data-element_type=\"widget\" data-e-type=\"widget\" data-widget_type=\"text-editor.default\">\n\t\t\t\t<div class=\"elementor-widget-container\">\n\t\t\t\t\t\t\t\t\t<p style=\"text-align: center;\"><strong>Sesiones de\u00a0<span class=\"error-spellcheck\" data-word=\"Shakti\" data-suggestion=\"\">Shakti<\/span> <span class=\"error-spellcheck\" data-word=\"Awakening\" data-suggestion=\"Ingenia\">Awakening<\/span><\/strong><\/p>\t\t\t\t\t\t\t\t<\/div>\n\t\t\t\t<\/div>\n\t\t\t\t<div class=\"elementor-element elementor-element-2502e32 elementor-widget elementor-widget-text-editor\" data-id=\"2502e32\" data-element_type=\"widget\" data-e-type=\"widget\" data-widget_type=\"text-editor.default\">\n\t\t\t\t<div class=\"elementor-widget-container\">\n\t\t\t\t\t\t\t\t\t<p style=\"text-align: center;\" data-start=\"0\" data-end=\"158\">Las sesiones de Shakti Awakening son una activaci\u00f3n energ\u00e9tica sagrada que despierta tu fuerza vital innata, gui\u00e1ndote hacia estados superiores de conciencia.<\/p><p style=\"text-align: center;\" data-start=\"160\" data-end=\"473\">Liberan bloqueos energ\u00e9ticos, liberan traumas almacenados y realinean el flujo natural de tu cuerpo, permitiendo una profunda sanaci\u00f3n y transformaci\u00f3n. A trav\u00e9s de la entrega total, puedes experimentar una claridad profunda, liberaci\u00f3n emocional o un profundo sentido de conexi\u00f3n contigo mismo y con el universo.<\/p><p style=\"text-align: center;\" data-start=\"475\" data-end=\"686\">Cada sesi\u00f3n es \u00fanica, ofreciendo exactamente lo que tu alma necesita en el momento. Basada en la energ\u00eda divina femenina, esta pr\u00e1ctica te invita a soltar, confiar y despertar el infinito potencial dentro de ti.<\/p><p style=\"text-align: center;\" data-start=\"688\" data-end=\"853\">Las sesiones de Shakti Awakening son una combinaci\u00f3n \u00fanica de energ\u00eda vital (kundalini), energ\u00eda Reiki y algunas pr\u00e1cticas cham\u00e1nicas, como la recuperaci\u00f3n del alma.<\/p><p style=\"text-align: center;\" data-start=\"855\" data-end=\"1048\">A diferencia de las activaciones cl\u00e1sicas de kundalini, Shakti Awakening trabaja de una manera m\u00e1s femenina, con la energ\u00eda operando en niveles m\u00e1s sutiles, invit\u00e1ndonos a ir hacia el interior.<\/p><p style=\"text-align: center;\" data-start=\"1050\" data-end=\"1149\" data-is-last-node=\"\" data-is-only-node=\"\">Es importante permitirnos entregarnos y aceptar lo que est\u00e1 destinado para nosotros en ese momento.<\/p>\t\t\t\t\t\t\t\t<\/div>\n\t\t\t\t<\/div>\n\t\t\t\t\t<\/div>\n\t\t<\/div>\n\t\t\t\t<div class=\"elementor-column elementor-col-50 elementor-top-column elementor-element elementor-element-f2e6af2\" data-id=\"f2e6af2\" data-element_type=\"column\" data-e-type=\"column\">\n\t\t\t<div class=\"elementor-widget-wrap elementor-element-populated\">\n\t\t\t\t\t\t<div class=\"elementor-element elementor-element-c99b223 elementor-widget__width-initial dce_masking-none elementor-widget elementor-widget-image\" data-id=\"c99b223\" data-element_type=\"widget\" data-e-type=\"widget\" data-widget_type=\"image.default\">\n\t\t\t\t<div class=\"elementor-widget-container\">\n\t\t\t\t\t\t\t\t\t\t\t\t\t\t\t<img decoding=\"async\" width=\"500\" height=\"750\" src=\"https:\/\/temp.easy2website.com\/wp-content\/uploads\/2025\/02\/Kundalini-shakti-awekening-3.jpg\" class=\"attachment-large size-large wp-image-4541\" alt=\"\" srcset=\"https:\/\/temp.easy2website.com\/wp-content\/uploads\/2025\/02\/Kundalini-shakti-awekening-3.jpg 500w, https:\/\/temp.easy2website.com\/wp-content\/uploads\/2025\/02\/Kundalini-shakti-awekening-3-200x300.jpg 200w\" sizes=\"(max-width: 500px) 100vw, 500px\" \/>\t\t\t\t\t\t\t\t\t\t\t\t\t\t\t<\/div>\n\t\t\t\t<\/div>\n\t\t\t\t\t<\/div>\n\t\t<\/div>\n\t\t\t\t\t<\/div>\n\t\t<\/section>\n\t\t\t\t<\/div>\n\t\t","protected":false},"excerpt":{"rendered":"<p>Activaci\u00f3n de la Energ\u00eda Vital La Kundalini Shakti es la energ\u00eda vital primordial que reside en todos los seres vivos. A menudo se simboliza como una serpiente enroscada en la base de nuestra columna vertebral, ascendiendo a trav\u00e9s de los chakras, desde el primero hasta el chakra de la coronilla. Esta energ\u00eda, tambi\u00e9n conocida como [&hellip;]<\/p>\n","protected":false},"author":7,"featured_media":0,"parent":0,"menu_order":0,"comment_status":"closed","ping_status":"closed","template":"","meta":{"ocean_post_layout":"","ocean_both_sidebars_style":"","ocean_both_sidebars_content_width":0,"ocean_both_sidebars_sidebars_width":0,"ocean_sidebar":"0","ocean_second_sidebar":"0","ocean_disable_margins":"enable","ocean_add_body_class":"","ocean_shortcode_before_top_bar":"","ocean_shortcode_after_top_bar":"","ocean_shortcode_before_header":"","ocean_shortcode_after_header":"","ocean_has_shortcode":"","ocean_shortcode_after_title":"","ocean_shortcode_before_footer_widgets":"","ocean_shortcode_after_footer_widgets":"","ocean_shortcode_before_footer_bottom":"","ocean_shortcode_after_footer_bottom":"","ocean_display_top_bar":"default","ocean_display_header":"default","ocean_header_style":"","ocean_center_header_left_menu":"0","ocean_custom_header_template":"0","ocean_custom_logo":0,"ocean_custom_retina_logo":0,"ocean_custom_logo_max_width":0,"ocean_custom_logo_tablet_max_width":0,"ocean_custom_logo_mobile_max_width":0,"ocean_custom_logo_max_height":0,"ocean_custom_logo_tablet_max_height":0,"ocean_custom_logo_mobile_max_height":0,"ocean_header_custom_menu":"0","ocean_menu_typo_font_family":"0","ocean_menu_typo_font_subset":"","ocean_menu_typo_font_size":0,"ocean_menu_typo_font_size_tablet":0,"ocean_menu_typo_font_size_mobile":0,"ocean_menu_typo_font_size_unit":"px","ocean_menu_typo_font_weight":"","ocean_menu_typo_font_weight_tablet":"","ocean_menu_typo_font_weight_mobile":"","ocean_menu_typo_transform":"","ocean_menu_typo_transform_tablet":"","ocean_menu_typo_transform_mobile":"","ocean_menu_typo_line_height":0,"ocean_menu_typo_line_height_tablet":0,"ocean_menu_typo_line_height_mobile":0,"ocean_menu_typo_line_height_unit":"","ocean_menu_typo_spacing":0,"ocean_menu_typo_spacing_tablet":0,"ocean_menu_typo_spacing_mobile":0,"ocean_menu_typo_spacing_unit":"","ocean_menu_link_color":"","ocean_menu_link_color_hover":"","ocean_menu_link_color_active":"","ocean_menu_link_background":"","ocean_menu_link_hover_background":"","ocean_menu_link_active_background":"","ocean_menu_social_links_bg":"","ocean_menu_social_hover_links_bg":"","ocean_menu_social_links_color":"","ocean_menu_social_hover_links_color":"","ocean_disable_title":"default","ocean_disable_heading":"default","ocean_post_title":"","ocean_post_subheading":"","ocean_post_title_style":"","ocean_post_title_background_color":"","ocean_post_title_background":0,"ocean_post_title_bg_image_position":"","ocean_post_title_bg_image_attachment":"","ocean_post_title_bg_image_repeat":"","ocean_post_title_bg_image_size":"","ocean_post_title_height":0,"ocean_post_title_bg_overlay":0.5,"ocean_post_title_bg_overlay_color":"","ocean_disable_breadcrumbs":"default","ocean_breadcrumbs_color":"","ocean_breadcrumbs_separator_color":"","ocean_breadcrumbs_links_color":"","ocean_breadcrumbs_links_hover_color":"","ocean_display_footer_widgets":"default","ocean_display_footer_bottom":"default","ocean_custom_footer_template":"0","footnotes":""},"class_list":["post-4444","page","type-page","status-publish","hentry","entry"],"yoast_head":"<!-- This site is optimized with the Yoast SEO plugin v26.8 - https:\/\/yoast.com\/product\/yoast-seo-wordpress\/ -->\n<title>Rea Novak<\/title>\n<meta name=\"robots\" content=\"index, follow, max-snippet:-1, max-image-preview:large, max-video-preview:-1\" \/>\n<link rel=\"canonical\" href=\"https:\/\/temp.easy2website.com\/shakti-awakening\/\" \/>\n<meta property=\"og:locale\" content=\"es_ES\" \/>\n<meta property=\"og:type\" content=\"article\" \/>\n<meta property=\"og:title\" content=\"Rea Novak\" \/>\n<meta property=\"og:description\" content=\"Activaci\u00f3n de la Energ\u00eda Vital La Kundalini Shakti es la energ\u00eda vital primordial que reside en todos los seres vivos. A menudo se simboliza como una serpiente enroscada en la base de nuestra columna vertebral, ascendiendo a trav\u00e9s de los chakras, desde el primero hasta el chakra de la coronilla. Esta energ\u00eda, tambi\u00e9n conocida como [&hellip;]\" \/>\n<meta property=\"og:url\" content=\"https:\/\/temp.easy2website.com\/shakti-awakening\/\" \/>\n<meta property=\"og:site_name\" content=\"Rea Novak\" \/>\n<meta property=\"article:modified_time\" content=\"2025-03-11T19:24:01+00:00\" \/>\n<meta property=\"og:image\" content=\"https:\/\/temp.easy2website.com\/wp-content\/uploads\/2025\/02\/Nov-projekt-4.webp\" \/>\n\t<meta property=\"og:image:width\" content=\"1920\" \/>\n\t<meta property=\"og:image:height\" content=\"1080\" \/>\n\t<meta property=\"og:image:type\" content=\"image\/webp\" \/>\n<meta name=\"twitter:card\" content=\"summary_large_image\" \/>\n<meta name=\"twitter:label1\" content=\"Tiempo de lectura\" \/>\n\t<meta name=\"twitter:data1\" content=\"3 minutos\" \/>\n<script type=\"application\/ld+json\" class=\"yoast-schema-graph\">{\"@context\":\"https:\/\/schema.org\",\"@graph\":[{\"@type\":\"WebPage\",\"@id\":\"https:\/\/temp.easy2website.com\/shakti-awakening\/\",\"url\":\"https:\/\/temp.easy2website.com\/shakti-awakening\/\",\"name\":\"Rea Novak\",\"isPartOf\":{\"@id\":\"https:\/\/temp.easy2website.com\/#website\"},\"primaryImageOfPage\":{\"@id\":\"https:\/\/temp.easy2website.com\/shakti-awakening\/#primaryimage\"},\"image\":{\"@id\":\"https:\/\/temp.easy2website.com\/shakti-awakening\/#primaryimage\"},\"thumbnailUrl\":\"https:\/\/temp.easy2website.com\/wp-content\/uploads\/2025\/02\/Nov-projekt-4.webp\",\"datePublished\":\"2025-01-07T15:39:17+00:00\",\"dateModified\":\"2025-03-11T19:24:01+00:00\",\"breadcrumb\":{\"@id\":\"https:\/\/temp.easy2website.com\/shakti-awakening\/#breadcrumb\"},\"inLanguage\":\"es\",\"potentialAction\":[{\"@type\":\"ReadAction\",\"target\":[\"https:\/\/temp.easy2website.com\/shakti-awakening\/\"]}]},{\"@type\":\"ImageObject\",\"inLanguage\":\"es\",\"@id\":\"https:\/\/temp.easy2website.com\/shakti-awakening\/#primaryimage\",\"url\":\"https:\/\/temp.easy2website.com\/wp-content\/uploads\/2025\/02\/Nov-projekt-4.webp\",\"contentUrl\":\"https:\/\/temp.easy2website.com\/wp-content\/uploads\/2025\/02\/Nov-projekt-4.webp\"},{\"@type\":\"BreadcrumbList\",\"@id\":\"https:\/\/temp.easy2website.com\/shakti-awakening\/#breadcrumb\",\"itemListElement\":[{\"@type\":\"ListItem\",\"position\":1,\"name\":\"Home\",\"item\":\"https:\/\/temp.easy2website.com\/\"},{\"@type\":\"ListItem\",\"position\":2,\"name\":\"ACTIVACI\u00d3N DE KUNDALINI SHAKTI\"}]},{\"@type\":\"WebSite\",\"@id\":\"https:\/\/temp.easy2website.com\/#website\",\"url\":\"https:\/\/temp.easy2website.com\/\",\"name\":\"Rea Novak\",\"description\":\"Energijsko delo, Kirtan (skupinsko petje manter)\",\"publisher\":{\"@id\":\"https:\/\/temp.easy2website.com\/#\/schema\/person\/d32e63bc4b3343ed8061df1b5f19b5e8\"},\"potentialAction\":[{\"@type\":\"SearchAction\",\"target\":{\"@type\":\"EntryPoint\",\"urlTemplate\":\"https:\/\/temp.easy2website.com\/?s={search_term_string}\"},\"query-input\":{\"@type\":\"PropertyValueSpecification\",\"valueRequired\":true,\"valueName\":\"search_term_string\"}}],\"inLanguage\":\"es\"},{\"@type\":[\"Person\",\"Organization\"],\"@id\":\"https:\/\/temp.easy2website.com\/#\/schema\/person\/d32e63bc4b3343ed8061df1b5f19b5e8\",\"name\":\"Rea Novak\",\"image\":{\"@type\":\"ImageObject\",\"inLanguage\":\"es\",\"@id\":\"https:\/\/temp.easy2website.com\/#\/schema\/person\/image\/\",\"url\":\"https:\/\/temp.easy2website.com\/wp-content\/uploads\/2024\/09\/Nov-projekt-22.jpg\",\"contentUrl\":\"https:\/\/temp.easy2website.com\/wp-content\/uploads\/2024\/09\/Nov-projekt-22.jpg\",\"width\":375,\"height\":563,\"caption\":\"Rea Novak\"},\"logo\":{\"@id\":\"https:\/\/temp.easy2website.com\/#\/schema\/person\/image\/\"}}]}<\/script>\n<!-- \/ Yoast SEO plugin. -->","yoast_head_json":{"title":"Rea Novak","robots":{"index":"index","follow":"follow","max-snippet":"max-snippet:-1","max-image-preview":"max-image-preview:large","max-video-preview":"max-video-preview:-1"},"canonical":"https:\/\/temp.easy2website.com\/shakti-awakening\/","og_locale":"es_ES","og_type":"article","og_title":"Rea Novak","og_description":"Activaci\u00f3n de la Energ\u00eda Vital La Kundalini Shakti es la energ\u00eda vital primordial que reside en todos los seres vivos. A menudo se simboliza como una serpiente enroscada en la base de nuestra columna vertebral, ascendiendo a trav\u00e9s de los chakras, desde el primero hasta el chakra de la coronilla. Esta energ\u00eda, tambi\u00e9n conocida como [&hellip;]","og_url":"https:\/\/temp.easy2website.com\/shakti-awakening\/","og_site_name":"Rea Novak","article_modified_time":"2025-03-11T19:24:01+00:00","og_image":[{"width":1920,"height":1080,"url":"https:\/\/temp.easy2website.com\/wp-content\/uploads\/2025\/02\/Nov-projekt-4.webp","type":"image\/webp"}],"twitter_card":"summary_large_image","twitter_misc":{"Tiempo de lectura":"3 minutos"},"schema":{"@context":"https:\/\/schema.org","@graph":[{"@type":"WebPage","@id":"https:\/\/temp.easy2website.com\/shakti-awakening\/","url":"https:\/\/temp.easy2website.com\/shakti-awakening\/","name":"Rea Novak","isPartOf":{"@id":"https:\/\/temp.easy2website.com\/#website"},"primaryImageOfPage":{"@id":"https:\/\/temp.easy2website.com\/shakti-awakening\/#primaryimage"},"image":{"@id":"https:\/\/temp.easy2website.com\/shakti-awakening\/#primaryimage"},"thumbnailUrl":"https:\/\/temp.easy2website.com\/wp-content\/uploads\/2025\/02\/Nov-projekt-4.webp","datePublished":"2025-01-07T15:39:17+00:00","dateModified":"2025-03-11T19:24:01+00:00","breadcrumb":{"@id":"https:\/\/temp.easy2website.com\/shakti-awakening\/#breadcrumb"},"inLanguage":"es","potentialAction":[{"@type":"ReadAction","target":["https:\/\/temp.easy2website.com\/shakti-awakening\/"]}]},{"@type":"ImageObject","inLanguage":"es","@id":"https:\/\/temp.easy2website.com\/shakti-awakening\/#primaryimage","url":"https:\/\/temp.easy2website.com\/wp-content\/uploads\/2025\/02\/Nov-projekt-4.webp","contentUrl":"https:\/\/temp.easy2website.com\/wp-content\/uploads\/2025\/02\/Nov-projekt-4.webp"},{"@type":"BreadcrumbList","@id":"https:\/\/temp.easy2website.com\/shakti-awakening\/#breadcrumb","itemListElement":[{"@type":"ListItem","position":1,"name":"Home","item":"https:\/\/temp.easy2website.com\/"},{"@type":"ListItem","position":2,"name":"ACTIVACI\u00d3N DE KUNDALINI SHAKTI"}]},{"@type":"WebSite","@id":"https:\/\/temp.easy2website.com\/#website","url":"https:\/\/temp.easy2website.com\/","name":"Rea Novak","description":"Energijsko delo, Kirtan (skupinsko petje manter)","publisher":{"@id":"https:\/\/temp.easy2website.com\/#\/schema\/person\/d32e63bc4b3343ed8061df1b5f19b5e8"},"potentialAction":[{"@type":"SearchAction","target":{"@type":"EntryPoint","urlTemplate":"https:\/\/temp.easy2website.com\/?s={search_term_string}"},"query-input":{"@type":"PropertyValueSpecification","valueRequired":true,"valueName":"search_term_string"}}],"inLanguage":"es"},{"@type":["Person","Organization"],"@id":"https:\/\/temp.easy2website.com\/#\/schema\/person\/d32e63bc4b3343ed8061df1b5f19b5e8","name":"Rea Novak","image":{"@type":"ImageObject","inLanguage":"es","@id":"https:\/\/temp.easy2website.com\/#\/schema\/person\/image\/","url":"https:\/\/temp.easy2website.com\/wp-content\/uploads\/2024\/09\/Nov-projekt-22.jpg","contentUrl":"https:\/\/temp.easy2website.com\/wp-content\/uploads\/2024\/09\/Nov-projekt-22.jpg","width":375,"height":563,"caption":"Rea Novak"},"logo":{"@id":"https:\/\/temp.easy2website.com\/#\/schema\/person\/image\/"}}]}},"_links":{"self":[{"href":"https:\/\/temp.easy2website.com\/es\/wp-json\/wp\/v2\/pages\/4444","targetHints":{"allow":["GET"]}}],"collection":[{"href":"https:\/\/temp.easy2website.com\/es\/wp-json\/wp\/v2\/pages"}],"about":[{"href":"https:\/\/temp.easy2website.com\/es\/wp-json\/wp\/v2\/types\/page"}],"author":[{"embeddable":true,"href":"https:\/\/temp.easy2website.com\/es\/wp-json\/wp\/v2\/users\/7"}],"replies":[{"embeddable":true,"href":"https:\/\/temp.easy2website.com\/es\/wp-json\/wp\/v2\/comments?post=4444"}],"version-history":[{"count":0,"href":"https:\/\/temp.easy2website.com\/es\/wp-json\/wp\/v2\/pages\/4444\/revisions"}],"wp:attachment":[{"href":"https:\/\/temp.easy2website.com\/es\/wp-json\/wp\/v2\/media?parent=4444"}],"curies":[{"name":"wp","href":"https:\/\/api.w.org\/{rel}","templated":true}]}}